{"id":42834,"date":"2024-04-02T13:23:07","date_gmt":"2024-04-02T11:23:07","guid":{"rendered":"https:\/\/worksmile.com\/?page_id=42834"},"modified":"2024-04-02T13:23:09","modified_gmt":"2024-04-02T11:23:09","slug":"akt-o-uslugach-cyfrowych","status":"publish","type":"page","link":"https:\/\/worksmile.com\/en\/akt-o-uslugach-cyfrowych\/","title":{"rendered":"Akt o us\u0142ugach cyfrowych"},"content":{"rendered":"\n<p>Jako dostawca us\u0142ug po\u015brednich realizujemy obowi\u0105zki wynikaj\u0105ce z rozporz\u0105dzenia Parlamentu Europejskiego i Rady w sprawie jednolitego rynku us\u0142ug cyfrowych oraz zmiany dyrektywy 2000\/31\/WE (akt o us\u0142ugach cyfrowych) i udost\u0119pniamy punkty kontaktowe.<\/p>\n\n\n\n<p>Informacje dotycz\u0105ce punkt\u00f3w kontaktowych s\u0105 przez nas na bie\u017c\u0105co aktualizowane w przypadku ich zmiany.<\/p>\n\n\n\n<p><strong><strong>I.\u00a0Punkt kontaktowy dla odbiorc\u00f3w us\u0142ugi \/ Point of contact for recipient of the service<\/strong><\/strong><\/p>\n\n\n\n<p>Zgodnie z art. 12 aktu o us\u0142ugach cyfrowych punkt kontaktowy wyznaczony przez Worksmile (Fitqbe sp. z o.o.) dla odbiorc\u00f3w us\u0142ug mo\u017cna uzyska\u0107 pod nast\u0119puj\u0105cym adresem e-mail:\u00a0<strong><a href=\"mailto:dsa.customer@worksmile.com\" target=\"_blank\" rel=\"noreferrer noopener\">dsa.customer@worksmile.com<\/a>.<\/strong><\/p>\n\n\n\n<p>J\u0119zyk polski i j\u0119zyk angielski mog\u0105 by\u0107 u\u017cywane jako j\u0119zyki do komunikacji z punktem kontaktowym.<\/p>\n\n\n\n<p>Point of contact for recipient of the service regard to Article 12 of the Digital Services Act, Worksmile (Fitqbe sp. z o.o.) can be reached through email at the following email address:\u202f<strong><a href=\"mailto:dsa.customer@worksmile.com\" rel=\"noreferrer noopener\" target=\"_blank\">dsa.customer@worksmile.com<\/a>.<\/strong><\/p>\n\n\n\n<p>Polish and English may be used as languages for communication with the point of contact.<\/p>\n\n\n\n<p><strong>II.&nbsp;Punkt kontaktowy dla organ\u00f3w pa\u0144stw cz\u0142onkowskich, Komisji i Rady Us\u0142ug Cyfrowych \/ Point of contact for&nbsp;Member States\u2019 authorities, the Commission and the Board<\/strong><\/p>\n\n\n\n<p>Zgodnie z art. 11 aktu o us\u0142ugach cyfrowych punkt kontaktowy wyznaczony przez Worksmile (Fitqbe sp. z o.o.) dla organ\u00f3w pa\u0144stw cz\u0142onkowskich, Komisji Europejskiej i Rady Us\u0142ug Cyfrowych, o kt\u00f3rej mowa w art. 61, w celu stosowania aktu o us\u0142ugach cyfrowych mo\u017cna uzyska\u0107 pod nast\u0119puj\u0105cym adresem e-mail:\u202f<strong><a href=\"mailto:dsa@worksmile.com\" rel=\"noreferrer noopener\" target=\"_blank\">dsa@worksmile.com<\/a>.<\/strong><\/p>\n\n\n\n<p>J\u0119zyk polski i j\u0119zyk angielski mog\u0105 by\u0107 u\u017cywane jako j\u0119zyki do komunikacji z punktem kontaktowym.<\/p>\n\n\n\n<p>Point of contact for Member States\u2019 authorities, the Commission and the Board With regard to Article 11 of the Digital Services Act, Worksmile (Fitqbe sp. z o.o.) referred to in Article 61 for the application of the Digital Services Act can be reached through email at the following email address:\u202f<strong><a href=\"mailto:dsa@worksmile.com\" rel=\"noreferrer noopener\" target=\"_blank\">dsa@worksmile.com<\/a>.<\/strong><\/p>\n\n\n\n<p>Polish and English may be used as languages for communication with the point of contact.<\/p>\n\n\n\n<p><\/p>\n","protected":false},"excerpt":{"rendered":"<p>Jako dostawca us\u0142ug po\u015brednich realizujemy obowi\u0105zki wynikaj\u0105ce z rozporz\u0105dzenia Parlamentu Europejskiego i Rady w sprawie jednolitego rynku us\u0142ug cyfrowych oraz zmiany dyrektywy 2000\/31\/WE (akt o us\u0142ugach cyfrowych) i udost\u0119pniamy punkty kontaktowe. Informacje dotycz\u0105ce punkt\u00f3w kontaktowych s\u0105 przez nas na bie\u017c\u0105co aktualizowane w przypadku ich zmiany. I.\u00a0Punkt kontaktowy dla odbiorc\u00f3w us\u0142ugi \/ Point of contact for [&hellip;]<\/p>\n","protected":false},"author":13,"featured_media":2535,"parent":0,"menu_order":0,"comment_status":"closed","ping_status":"closed","template":"","meta":{"_acf_changed":false,"site-sidebar-layout":"no-sidebar","site-content-layout":"page-builder","ast-site-content-layout":"full-width-container","site-content-style":"unboxed","site-sidebar-style":"unboxed","ast-global-header-display":"","ast-banner-title-visibility":"","ast-main-header-display":"","ast-hfb-above-header-display":"","ast-hfb-below-header-display":"","ast-hfb-mobile-header-display":"","site-post-title":"","ast-breadcrumbs-content":"","ast-featured-img":"","footer-sml-layout":"","ast-disable-related-posts":"","theme-transparent-header-meta":"default","adv-header-id-meta":"","stick-header-meta":"default","header-above-stick-meta":"","header-main-stick-meta":"","header-below-stick-meta":"","astra-migrate-meta-layouts":"set","ast-page-background-enabled":"default","ast-page-background-meta":{"desktop":{"background-color":"","background-image":"","background-repeat":"repeat","background-position":"center center","background-size":"auto","background-attachment":"scroll","background-type":"","background-media":"","overlay-type":"","overlay-color":"","overlay-opacity":"","overlay-gradient":""},"tablet":{"background-color":"","background-image":"","background-repeat":"repeat","background-position":"center center","background-size":"auto","background-attachment":"scroll","background-type":"","background-media":"","overlay-type":"","overlay-color":"","overlay-opacity":"","overlay-gradient":""},"mobile":{"background-color":"","background-image":"","background-repeat":"repeat","background-position":"center center","background-size":"auto","background-attachment":"scroll","background-type":"","background-media":"","overlay-type":"","overlay-color":"","overlay-opacity":"","overlay-gradient":""}},"ast-content-background-meta":{"desktop":{"background-color":"var(--ast-global-color-5)","background-image":"","background-repeat":"repeat","background-position":"center center","background-size":"auto","background-attachment":"scroll","background-type":"","background-media":"","overlay-type":"","overlay-color":"","overlay-opacity":"","overlay-gradient":""},"tablet":{"background-color":"var(--ast-global-color-5)","background-image":"","background-repeat":"repeat","background-position":"center center","background-size":"auto","background-attachment":"scroll","background-type":"","background-media":"","overlay-type":"","overlay-color":"","overlay-opacity":"","overlay-gradient":""},"mobile":{"background-color":"var(--ast-global-color-5)","background-image":"","background-repeat":"repeat","background-position":"center center","background-size":"auto","background-attachment":"scroll","background-type":"","background-media":"","overlay-type":"","overlay-color":"","overlay-opacity":"","overlay-gradient":""}},"footnotes":""},"categories":[],"tags":[],"class_list":["post-42834","page","type-page","status-publish","has-post-thumbnail","hentry"],"acf":[],"yoast_head":"<!-- This site is optimized with the Yoast SEO plugin v27.5 - https:\/\/yoast.com\/product\/yoast-seo-wordpress\/ -->\n<title>Akt o us\u0142ugach cyfrowych - Worksmile<\/title>\n<meta name=\"description\" content=\"Polityka plik\u00f3w cookies serwisu. Og\u00f3lne, definicje, przetwarzanie danych osobowych, pliki cookies i inne.\" \/>\n<meta name=\"robots\" content=\"noindex, follow\" \/>\n<meta property=\"og:locale\" content=\"en_US\" \/>\n<meta property=\"og:type\" content=\"article\" \/>\n<meta property=\"og:title\" content=\"Akt o us\u0142ugach cyfrowych - Worksmile\" \/>\n<meta property=\"og:description\" content=\"Polityka plik\u00f3w cookies serwisu. Og\u00f3lne, definicje, przetwarzanie danych osobowych, pliki cookies i inne.\" \/>\n<meta property=\"og:url\" content=\"https:\/\/worksmile.com\/akt-o-uslugach-cyfrowych\/\" \/>\n<meta property=\"og:site_name\" content=\"Worksmile\" \/>\n<meta property=\"article:publisher\" content=\"https:\/\/www.facebook.com\/worksmilecom\" \/>\n<meta property=\"article:modified_time\" content=\"2024-04-02T11:23:09+00:00\" \/>\n<meta property=\"og:image\" content=\"https:\/\/worksmile.com\/wp-content\/uploads\/2019\/09\/Fitqbe.jpg\" \/>\n\t<meta property=\"og:image:width\" content=\"1366\" \/>\n\t<meta property=\"og:image:height\" content=\"970\" \/>\n\t<meta property=\"og:image:type\" content=\"image\/jpeg\" \/>\n<meta name=\"twitter:card\" content=\"summary_large_image\" \/>\n<meta name=\"twitter:site\" content=\"@worksmile_com\" \/>\n<meta name=\"twitter:label1\" content=\"Est. reading time\" \/>\n\t<meta name=\"twitter:data1\" content=\"3 minutes\" \/>\n<script type=\"application\/ld+json\" class=\"yoast-schema-graph\">{\"@context\":\"https:\\\/\\\/schema.org\",\"@graph\":[{\"@type\":\"WebPage\",\"@id\":\"https:\\\/\\\/worksmile.com\\\/akt-o-uslugach-cyfrowych\\\/\",\"url\":\"https:\\\/\\\/worksmile.com\\\/akt-o-uslugach-cyfrowych\\\/\",\"name\":\"Akt o us\u0142ugach cyfrowych - Worksmile\",\"isPartOf\":{\"@id\":\"https:\\\/\\\/worksmile.com\\\/#website\"},\"primaryImageOfPage\":{\"@id\":\"https:\\\/\\\/worksmile.com\\\/akt-o-uslugach-cyfrowych\\\/#primaryimage\"},\"image\":{\"@id\":\"https:\\\/\\\/worksmile.com\\\/akt-o-uslugach-cyfrowych\\\/#primaryimage\"},\"thumbnailUrl\":\"https:\\\/\\\/worksmile.com\\\/wp-content\\\/uploads\\\/2019\\\/09\\\/Fitqbe.jpg\",\"datePublished\":\"2024-04-02T11:23:07+00:00\",\"dateModified\":\"2024-04-02T11:23:09+00:00\",\"description\":\"Polityka plik\u00f3w cookies serwisu. Og\u00f3lne, definicje, przetwarzanie danych osobowych, pliki cookies i inne.\",\"breadcrumb\":{\"@id\":\"https:\\\/\\\/worksmile.com\\\/akt-o-uslugach-cyfrowych\\\/#breadcrumb\"},\"inLanguage\":\"en-US\",\"potentialAction\":[{\"@type\":\"ReadAction\",\"target\":[\"https:\\\/\\\/worksmile.com\\\/akt-o-uslugach-cyfrowych\\\/\"]}]},{\"@type\":\"ImageObject\",\"inLanguage\":\"en-US\",\"@id\":\"https:\\\/\\\/worksmile.com\\\/akt-o-uslugach-cyfrowych\\\/#primaryimage\",\"url\":\"https:\\\/\\\/worksmile.com\\\/wp-content\\\/uploads\\\/2019\\\/09\\\/Fitqbe.jpg\",\"contentUrl\":\"https:\\\/\\\/worksmile.com\\\/wp-content\\\/uploads\\\/2019\\\/09\\\/Fitqbe.jpg\",\"width\":1366,\"height\":970},{\"@type\":\"BreadcrumbList\",\"@id\":\"https:\\\/\\\/worksmile.com\\\/akt-o-uslugach-cyfrowych\\\/#breadcrumb\",\"itemListElement\":[{\"@type\":\"ListItem\",\"position\":1,\"name\":\"Home\",\"item\":\"https:\\\/\\\/worksmile.com\\\/en\\\/\"},{\"@type\":\"ListItem\",\"position\":2,\"name\":\"Akt o us\u0142ugach cyfrowych\"}]},{\"@type\":\"WebSite\",\"@id\":\"https:\\\/\\\/worksmile.com\\\/#website\",\"url\":\"https:\\\/\\\/worksmile.com\\\/\",\"name\":\"Worksmile\",\"description\":\"Szukasz platformy, kt&oacute;ra \u0142\u0105czy komunikacj\u0119 wewn\u0105trz firmy, benefity i wiele innych? Odkryj Worksmile i poznaj modu\u0142y dla ma\u0142ych i du\u017cych firm!\",\"publisher\":{\"@id\":\"https:\\\/\\\/worksmile.com\\\/#organization\"},\"potentialAction\":[{\"@type\":\"SearchAction\",\"target\":{\"@type\":\"EntryPoint\",\"urlTemplate\":\"https:\\\/\\\/worksmile.com\\\/?s={search_term_string}\"},\"query-input\":{\"@type\":\"PropertyValueSpecification\",\"valueRequired\":true,\"valueName\":\"search_term_string\"}}],\"inLanguage\":\"en-US\"},{\"@type\":\"Organization\",\"@id\":\"https:\\\/\\\/worksmile.com\\\/#organization\",\"name\":\"Worksmile\",\"url\":\"https:\\\/\\\/worksmile.com\\\/\",\"logo\":{\"@type\":\"ImageObject\",\"inLanguage\":\"en-US\",\"@id\":\"https:\\\/\\\/worksmile.com\\\/#\\\/schema\\\/logo\\\/image\\\/\",\"url\":\"https:\\\/\\\/worksmile.com\\\/wp-content\\\/uploads\\\/2025\\\/10\\\/favicon_worksmile.png\",\"contentUrl\":\"https:\\\/\\\/worksmile.com\\\/wp-content\\\/uploads\\\/2025\\\/10\\\/favicon_worksmile.png\",\"width\":512,\"height\":512,\"caption\":\"Worksmile\"},\"image\":{\"@id\":\"https:\\\/\\\/worksmile.com\\\/#\\\/schema\\\/logo\\\/image\\\/\"},\"sameAs\":[\"https:\\\/\\\/www.facebook.com\\\/worksmilecom\",\"https:\\\/\\\/x.com\\\/worksmile_com\",\"https:\\\/\\\/www.instagram.com\\\/worksmilecom\",\"https:\\\/\\\/www.linkedin.com\\\/company\\\/42359512\"]}]}<\/script>\n<!-- \/ Yoast SEO plugin. -->","yoast_head_json":{"title":"Akt o us\u0142ugach cyfrowych - Worksmile","description":"Polityka plik\u00f3w cookies serwisu. Og\u00f3lne, definicje, przetwarzanie danych osobowych, pliki cookies i inne.","robots":{"index":"noindex","follow":"follow"},"og_locale":"en_US","og_type":"article","og_title":"Akt o us\u0142ugach cyfrowych - Worksmile","og_description":"Polityka plik\u00f3w cookies serwisu. Og\u00f3lne, definicje, przetwarzanie danych osobowych, pliki cookies i inne.","og_url":"https:\/\/worksmile.com\/akt-o-uslugach-cyfrowych\/","og_site_name":"Worksmile","article_publisher":"https:\/\/www.facebook.com\/worksmilecom","article_modified_time":"2024-04-02T11:23:09+00:00","og_image":[{"width":1366,"height":970,"url":"https:\/\/worksmile.com\/wp-content\/uploads\/2019\/09\/Fitqbe.jpg","type":"image\/jpeg"}],"twitter_card":"summary_large_image","twitter_site":"@worksmile_com","twitter_misc":{"Est. reading time":"3 minutes"},"schema":{"@context":"https:\/\/schema.org","@graph":[{"@type":"WebPage","@id":"https:\/\/worksmile.com\/akt-o-uslugach-cyfrowych\/","url":"https:\/\/worksmile.com\/akt-o-uslugach-cyfrowych\/","name":"Akt o us\u0142ugach cyfrowych - Worksmile","isPartOf":{"@id":"https:\/\/worksmile.com\/#website"},"primaryImageOfPage":{"@id":"https:\/\/worksmile.com\/akt-o-uslugach-cyfrowych\/#primaryimage"},"image":{"@id":"https:\/\/worksmile.com\/akt-o-uslugach-cyfrowych\/#primaryimage"},"thumbnailUrl":"https:\/\/worksmile.com\/wp-content\/uploads\/2019\/09\/Fitqbe.jpg","datePublished":"2024-04-02T11:23:07+00:00","dateModified":"2024-04-02T11:23:09+00:00","description":"Polityka plik\u00f3w cookies serwisu. Og\u00f3lne, definicje, przetwarzanie danych osobowych, pliki cookies i inne.","breadcrumb":{"@id":"https:\/\/worksmile.com\/akt-o-uslugach-cyfrowych\/#breadcrumb"},"inLanguage":"en-US","potentialAction":[{"@type":"ReadAction","target":["https:\/\/worksmile.com\/akt-o-uslugach-cyfrowych\/"]}]},{"@type":"ImageObject","inLanguage":"en-US","@id":"https:\/\/worksmile.com\/akt-o-uslugach-cyfrowych\/#primaryimage","url":"https:\/\/worksmile.com\/wp-content\/uploads\/2019\/09\/Fitqbe.jpg","contentUrl":"https:\/\/worksmile.com\/wp-content\/uploads\/2019\/09\/Fitqbe.jpg","width":1366,"height":970},{"@type":"BreadcrumbList","@id":"https:\/\/worksmile.com\/akt-o-uslugach-cyfrowych\/#breadcrumb","itemListElement":[{"@type":"ListItem","position":1,"name":"Home","item":"https:\/\/worksmile.com\/en\/"},{"@type":"ListItem","position":2,"name":"Akt o us\u0142ugach cyfrowych"}]},{"@type":"WebSite","@id":"https:\/\/worksmile.com\/#website","url":"https:\/\/worksmile.com\/","name":"Worksmile","description":"Szukasz platformy, kt&oacute;ra \u0142\u0105czy komunikacj\u0119 wewn\u0105trz firmy, benefity i wiele innych? Odkryj Worksmile i poznaj modu\u0142y dla ma\u0142ych i du\u017cych firm!","publisher":{"@id":"https:\/\/worksmile.com\/#organization"},"potentialAction":[{"@type":"SearchAction","target":{"@type":"EntryPoint","urlTemplate":"https:\/\/worksmile.com\/?s={search_term_string}"},"query-input":{"@type":"PropertyValueSpecification","valueRequired":true,"valueName":"search_term_string"}}],"inLanguage":"en-US"},{"@type":"Organization","@id":"https:\/\/worksmile.com\/#organization","name":"Worksmile","url":"https:\/\/worksmile.com\/","logo":{"@type":"ImageObject","inLanguage":"en-US","@id":"https:\/\/worksmile.com\/#\/schema\/logo\/image\/","url":"https:\/\/worksmile.com\/wp-content\/uploads\/2025\/10\/favicon_worksmile.png","contentUrl":"https:\/\/worksmile.com\/wp-content\/uploads\/2025\/10\/favicon_worksmile.png","width":512,"height":512,"caption":"Worksmile"},"image":{"@id":"https:\/\/worksmile.com\/#\/schema\/logo\/image\/"},"sameAs":["https:\/\/www.facebook.com\/worksmilecom","https:\/\/x.com\/worksmile_com","https:\/\/www.instagram.com\/worksmilecom","https:\/\/www.linkedin.com\/company\/42359512"]}]}},"_links":{"self":[{"href":"https:\/\/worksmile.com\/en\/wp-json\/wp\/v2\/pages\/42834","targetHints":{"allow":["GET"]}}],"collection":[{"href":"https:\/\/worksmile.com\/en\/wp-json\/wp\/v2\/pages"}],"about":[{"href":"https:\/\/worksmile.com\/en\/wp-json\/wp\/v2\/types\/page"}],"author":[{"embeddable":true,"href":"https:\/\/worksmile.com\/en\/wp-json\/wp\/v2\/users\/13"}],"replies":[{"embeddable":true,"href":"https:\/\/worksmile.com\/en\/wp-json\/wp\/v2\/comments?post=42834"}],"version-history":[{"count":0,"href":"https:\/\/worksmile.com\/en\/wp-json\/wp\/v2\/pages\/42834\/revisions"}],"wp:featuredmedia":[{"embeddable":true,"href":"https:\/\/worksmile.com\/en\/wp-json\/wp\/v2\/media\/2535"}],"wp:attachment":[{"href":"https:\/\/worksmile.com\/en\/wp-json\/wp\/v2\/media?parent=42834"}],"wp:term":[{"taxonomy":"category","embeddable":true,"href":"https:\/\/worksmile.com\/en\/wp-json\/wp\/v2\/categories?post=42834"},{"taxonomy":"post_tag","embeddable":true,"href":"https:\/\/worksmile.com\/en\/wp-json\/wp\/v2\/tags?post=42834"}],"curies":[{"name":"wp","href":"https:\/\/api.w.org\/{rel}","templated":true}]}}